{"id":1985,"date":"2026-05-03T18:13:37","date_gmt":"2026-05-03T21:13:37","guid":{"rendered":"https:\/\/clubdecampomendoza.com\/?page_id=1985"},"modified":"2026-05-04T12:10:21","modified_gmt":"2026-05-04T15:10:21","slug":"padle","status":"publish","type":"page","link":"https:\/\/clubdecampomendoza.com\/en\/padle\/","title":{"rendered":"P\u00c1DEL"},"content":{"rendered":"<div id=\"home\"  data-column-margin=\"90px\" data-midnight=\"dark\"  class=\"wpb_row vc_row-fluid vc_row full-width-section vc_row-o-equal-height vc_row-flex vc_row-o-content-middle  top_padding_tablet_8pct bottom_padding_tablet_8pct\"  style=\"padding-top: 0px; padding-bottom: 0px; \"><div class=\"row-bg-wrap\" data-bg-animation=\"none\" data-bg-animation-delay=\"\" data-bg-overlay=\"false\"><div class=\"inner-wrap row-bg-layer\" ><div class=\"row-bg viewport-desktop using-bg-color\"  style=\"background-color: #ffffff; \"><\/div><\/div><\/div><div class=\"row_col_wrap_12 col span_12 dark left\">\n\t<div style=\"z-index: 100; \" class=\"vc_col-sm-3\/5 vc_col-xs-12 wpb_column column_container vc_column_container col padding-2-percent no-extra-padding_tablet no-extra-padding_phone\"  data-padding-pos=\"right\" data-has-bg-color=\"false\" data-bg-color=\"\" data-bg-opacity=\"1\" data-animation=\"\" data-delay=\"0\" >\n\t\t<div class=\"vc_column-inner\" >\n\t\t\t<div class=\"wpb_wrapper\">\n\t\t\t\t<div id=\"fws_69f9dbf5d12f1\" data-midnight=\"\" data-column-margin=\"default\" class=\"wpb_row vc_row-fluid vc_row inner_row\"  style=\"\"><div class=\"row-bg-wrap\"> <div class=\"row-bg\" ><\/div> <\/div><div class=\"row_col_wrap_12_inner col span_12  left\">\n\t<div  class=\"vc_col-sm-12 wpb_column column_container vc_column_container col child_column no-extra-padding inherit_tablet inherit_phone\"   data-padding-pos=\"all\" data-has-bg-color=\"false\" data-bg-color=\"\" data-bg-opacity=\"1\" data-animation=\"\" data-delay=\"0\" >\n\t\t<div class=\"vc_column-inner\" >\n\t\t<div class=\"wpb_wrapper\">\n\t\t\t\n<div class=\"wpb_text_column wpb_content_element  vc_custom_1777843067612\" >\n\t<div class=\"wpb_wrapper\">\n\t\t<h2 class=\"elementor-heading-title elementor-size-default\">TENNIS<br \/>\n&amp; ESCUELA DE P\u00c1DEL<\/h2>\n\t<\/div>\n<\/div>\n\n\n\n\n\t\t<\/div> \n\t<\/div>\n\t<\/div> \n<\/div><\/div>\n<div class=\"wpb_text_column wpb_content_element\" >\n\t<div class=\"wpb_wrapper\">\n\t\t<p>El CCM cuenta con 2 canchas de p\u00e1del, con vista a la Cordillera de los Andes e iluminaci\u00f3n nocturna. Estacionamiento propio y una peque\u00f1a cantina.<\/p>\n\t<\/div>\n<\/div>\n\n\n\n\n\t\t\t<\/div> \n\t\t<\/div>\n\t<\/div> \n\n\t<div  class=\"vc_col-sm-2\/5 vc_col-xs-12 wpb_column column_container vc_column_container col no-extra-padding inherit_tablet inherit_phone\"  data-padding-pos=\"all\" data-has-bg-color=\"false\" data-bg-color=\"\" data-bg-opacity=\"1\" data-animation=\"\" data-delay=\"0\" >\n\t\t<div class=\"vc_column-inner\" >\n\t\t\t<div class=\"wpb_wrapper\">\n\t\t\t\t<div id=\"fws_69f9dbf5d19ba\" data-midnight=\"\" data-column-margin=\"default\" class=\"wpb_row vc_row-fluid vc_row inner_row  min_width_desktop_43vw min_width_tablet_50vw min_width_phone_50vw\"  style=\"\"><div class=\"row-bg-wrap\"> <div class=\"row-bg\" ><\/div> <\/div><div class=\"row_col_wrap_12_inner col span_12  left\">\n\t<div style=\"\" class=\"vc_col-sm-12 wpb_column column_container vc_column_container col child_column no-extra-padding inherit_tablet inherit_phone\"  data-using-bg=\"true\" data-bg-cover=\"true\" data-padding-pos=\"all\" data-has-bg-color=\"false\" data-bg-color=\"\" data-bg-opacity=\"1\" data-animation=\"\" data-delay=\"0\" >\n\t\t<div class=\"vc_column-inner\" ><div class=\"column-image-bg-wrap column-bg-layer viewport-desktop\" data-bg-pos=\"left center\" data-bg-animation=\"ro-reveal-from-right\" data-bg-overlay=\"false\"><div class=\"inner-wrap\"><div class=\"column-image-bg\" style=\" background-image: url('https:\/\/clubdecampomendoza.com\/wp-content\/uploads\/2026\/05\/2026-02-14-12.jpg'); \"><\/div><\/div><\/div>\n\t\t<div class=\"wpb_wrapper\">\n\t\t\t<div class=\"divider-wrap height_tablet_40vh height_phone_300px\" data-alignment=\"default\"><div style=\"height: 80vh;\" class=\"divider\"><\/div><\/div>\n\t\t<\/div> \n\t<\/div>\n\t<\/div> \n<\/div><\/div>\n\t\t\t<\/div> \n\t\t<\/div>\n\t<\/div> \n<\/div><\/div>\n\t\t<div id=\"escuela\"  data-column-margin=\"default\" data-midnight=\"dark\" data-top-percent=\"4%\" data-bottom-percent=\"7%\"  class=\"wpb_row vc_row-fluid vc_row full-width-section vc_row-o-equal-height vc_row-flex vc_row-o-content-middle\"  style=\"padding-top: calc(100vw * 0.04); padding-bottom: calc(100vw * 0.07); \"><div class=\"row-bg-wrap\" data-bg-animation=\"none\" data-bg-animation-delay=\"\" data-bg-overlay=\"false\"><div class=\"inner-wrap row-bg-layer\" ><div class=\"row-bg viewport-desktop using-bg-color\"  style=\"background-color: #ffffff; \"><\/div><\/div><\/div><div class=\"row_col_wrap_12 col span_12 dark left\">\n\t<div  class=\"vc_col-sm-12 wpb_column column_container vc_column_container col no-extra-padding inherit_tablet inherit_phone\"  data-padding-pos=\"all\" data-has-bg-color=\"false\" data-bg-color=\"\" data-bg-opacity=\"1\" data-animation=\"\" data-delay=\"0\" >\n\t\t<div class=\"vc_column-inner\" >\n\t\t\t<div class=\"wpb_wrapper\">\n\t\t\t\t<h5 style=\"color: #bfbfbf;text-align: center\" class=\"vc_custom_heading vc_custom_1721100840613\" >WITH A LOOK TO THE FUTURE<\/h5><h2 style=\"font-size: 40px;line-height: 50px;text-align: center\" class=\"vc_custom_heading\" >ESCUELA DE PADEL<\/h2>\n<div class=\"wpb_text_column wpb_content_element  vc_custom_1777843278553\" >\n\t<div class=\"wpb_wrapper\">\n\t\t<h3 class=\"elementor-element elementor-element-24f690c elementor-widget elementor-widget-heading\" style=\"text-align: center;\" data-id=\"24f690c\" data-element_type=\"widget\" data-widget_type=\"heading.default\"><strong>Teaching Staff:\u00a0<\/strong> by POINT SPORT | <strong>Responsible:<\/strong> Agust\u00edn Tejada \u2013 <a href=\"https:\/\/api.whatsapp.com\/send?phone=5492616810733&amp;text=Hola%20quisiera%20consultar%20por%20las%20clases%20de%20Tenis%20en%20el%20Club%20de%20Campo%20Mendoza\">Check here<\/a><\/h3>\n<h4 style=\"text-align: center;\">D\u00cdAS: LUNES &#8211; MARTES y JUEVES<br \/>\n<em>Debe haber por lo menos un socio de CCM en cada grupo<\/em><\/h4>\n\t<\/div>\n<\/div>\n\n\n\n<div id=\"fws_69f9dbf5d27ba\" data-midnight=\"\" data-column-margin=\"default\" class=\"wpb_row vc_row-fluid vc_row inner_row\"  style=\"\"><div class=\"row-bg-wrap\"> <div class=\"row-bg\" ><\/div> <\/div><div class=\"row_col_wrap_12_inner col span_12  left\">\n\t<div  class=\"vc_col-sm-2 wpb_column column_container vc_column_container col child_column no-extra-padding inherit_tablet inherit_phone\"   data-padding-pos=\"all\" data-has-bg-color=\"false\" data-bg-color=\"\" data-bg-opacity=\"1\" data-animation=\"\" data-delay=\"0\" >\n\t\t<div class=\"vc_column-inner\" >\n\t\t<div class=\"wpb_wrapper\">\n\t\t\t\n\t\t<\/div> \n\t<\/div>\n\t<\/div> \n\n\t<div  class=\"vc_col-sm-8 wpb_column column_container vc_column_container col child_column no-extra-padding inherit_tablet inherit_phone\"   data-padding-pos=\"all\" data-has-bg-color=\"false\" data-bg-color=\"\" data-bg-opacity=\"1\" data-animation=\"\" data-delay=\"0\" >\n\t\t<div class=\"vc_column-inner\" >\n\t\t<div class=\"wpb_wrapper\">\n\t\t\t\n\t<div class=\"wpb_gallery wpb_content_element clearfix\">\n\t\t<div class=\"wpb_wrapper\"><div class=\"wpb_gallery_slidesflickity_style\" data-onclick=\"link_no\" data-interval=\"5\"><div class=\"nectar-flickity not-initialized\"  data-touch-icon-color=\"default\" data-stagger=\"\" data-drag-scale=\"\" data-overflow=\"hidden\" data-wrap=\"wrap\" data-spacing=\"default\" data-shadow=\"none\" data-autoplay=\"\" data-autoplay-dur=\"\" data-free-scroll=\"\" data-controls=\"next_prev_arrows_overlaid\" data-desktop-columns=\"1\" data-small-desktop-columns=\"1\" data-tablet-columns=\"1\" data-phone-columns=\"1\"><div class=\"flickity-viewport\"> <div class=\"flickity-slider\"><div class=\"cell\" data-lazy=\"false\"><img loading=\"lazy\" decoding=\"async\" width=\"867\" height=\"1300\" src=\"https:\/\/clubdecampomendoza.com\/wp-content\/uploads\/2026\/05\/2026-02-14-7.jpg\" class=\"skip-lazy nectar-lazy attachment-full\" alt=\"\" title=\"2026-02-14-7\" srcset=\"https:\/\/clubdecampomendoza.com\/wp-content\/uploads\/2026\/05\/2026-02-14-7.jpg 867w, https:\/\/clubdecampomendoza.com\/wp-content\/uploads\/2026\/05\/2026-02-14-7-200x300.jpg 200w, https:\/\/clubdecampomendoza.com\/wp-content\/uploads\/2026\/05\/2026-02-14-7-683x1024.jpg 683w, https:\/\/clubdecampomendoza.com\/wp-content\/uploads\/2026\/05\/2026-02-14-7-768x1152.jpg 768w, https:\/\/clubdecampomendoza.com\/wp-content\/uploads\/2026\/05\/2026-02-14-7-8x12.jpg 8w\" sizes=\"auto, (max-width: 867px) 100vw, 867px\" \/><\/div><div class=\"cell\" data-lazy=\"false\"><img loading=\"lazy\" decoding=\"async\" width=\"867\" height=\"1300\" src=\"https:\/\/clubdecampomendoza.com\/wp-content\/uploads\/2026\/05\/2026-02-14-6.jpg\" class=\"skip-lazy nectar-lazy attachment-full\" alt=\"\" title=\"2026-02-14-6\" srcset=\"https:\/\/clubdecampomendoza.com\/wp-content\/uploads\/2026\/05\/2026-02-14-6.jpg 867w, https:\/\/clubdecampomendoza.com\/wp-content\/uploads\/2026\/05\/2026-02-14-6-200x300.jpg 200w, https:\/\/clubdecampomendoza.com\/wp-content\/uploads\/2026\/05\/2026-02-14-6-683x1024.jpg 683w, https:\/\/clubdecampomendoza.com\/wp-content\/uploads\/2026\/05\/2026-02-14-6-768x1152.jpg 768w, https:\/\/clubdecampomendoza.com\/wp-content\/uploads\/2026\/05\/2026-02-14-6-8x12.jpg 8w\" sizes=\"auto, (max-width: 867px) 100vw, 867px\" \/><\/div><div class=\"cell\" data-lazy=\"false\"><img loading=\"lazy\" decoding=\"async\" width=\"867\" height=\"1300\" src=\"https:\/\/clubdecampomendoza.com\/wp-content\/uploads\/2026\/05\/2026-02-14-8.jpg\" class=\"skip-lazy nectar-lazy attachment-full\" alt=\"\" title=\"2026-02-14-8\" srcset=\"https:\/\/clubdecampomendoza.com\/wp-content\/uploads\/2026\/05\/2026-02-14-8.jpg 867w, https:\/\/clubdecampomendoza.com\/wp-content\/uploads\/2026\/05\/2026-02-14-8-200x300.jpg 200w, https:\/\/clubdecampomendoza.com\/wp-content\/uploads\/2026\/05\/2026-02-14-8-683x1024.jpg 683w, https:\/\/clubdecampomendoza.com\/wp-content\/uploads\/2026\/05\/2026-02-14-8-768x1152.jpg 768w, https:\/\/clubdecampomendoza.com\/wp-content\/uploads\/2026\/05\/2026-02-14-8-8x12.jpg 8w\" sizes=\"auto, (max-width: 867px) 100vw, 867px\" \/><\/div><\/div><\/div><\/div><\/div>\n\t\t<\/div> \n\t<\/div> \n\t\t<\/div> \n\t<\/div>\n\t<\/div> \n\n\t<div  class=\"vc_col-sm-2 wpb_column column_container vc_column_container col child_column no-extra-padding inherit_tablet inherit_phone\"   data-padding-pos=\"all\" data-has-bg-color=\"false\" data-bg-color=\"\" data-bg-opacity=\"1\" data-animation=\"\" data-delay=\"0\" >\n\t\t<div class=\"vc_column-inner\" >\n\t\t<div class=\"wpb_wrapper\">\n\t\t\t\n\t\t<\/div> \n\t<\/div>\n\t<\/div> \n<\/div><\/div>\n\t\t\t<\/div> \n\t\t<\/div>\n\t<\/div> \n<\/div><\/div>\n\t\t<div id=\"fws_69f9dbf5d38e4\"  data-column-margin=\"default\" data-midnight=\"dark\"  class=\"wpb_row vc_row-fluid vc_row\"  style=\"padding-top: 0px; padding-bottom: 0px; \"><div class=\"row-bg-wrap\" data-bg-animation=\"none\" data-bg-animation-delay=\"\" data-bg-overlay=\"false\"><div class=\"inner-wrap row-bg-layer\" ><div class=\"row-bg viewport-desktop\"  style=\"\"><\/div><\/div><\/div><div class=\"row_col_wrap_12 col span_12 dark left\">\n\t<div  class=\"vc_col-sm-12 wpb_column column_container vc_column_container col no-extra-padding inherit_tablet inherit_phone\"  data-padding-pos=\"all\" data-has-bg-color=\"false\" data-bg-color=\"\" data-bg-opacity=\"1\" data-animation=\"\" data-delay=\"0\" >\n\t\t<div class=\"vc_column-inner\" >\n\t\t\t<div class=\"wpb_wrapper\">\n\t\t\t\t\n\t\t<div id=\"fws_69f9dbf5d3e44\"  data-column-margin=\"none\" data-midnight=\"light\"  class=\"wpb_row vc_row-fluid vc_row full-width-section vc_row-o-equal-height vc_row-flex vc_row-o-content-middle\"  style=\"padding-top: 0px; padding-bottom: 0px; \"><div class=\"row-bg-wrap\" data-bg-animation=\"none\" data-bg-animation-delay=\"\" data-bg-overlay=\"false\"><div class=\"inner-wrap row-bg-layer\" ><div class=\"row-bg viewport-desktop using-bg-color\"  style=\"background-color: #465088; \"><\/div><\/div><\/div><div class=\"row_col_wrap_12 col span_12 light left\">\n\t<div  class=\"vc_col-sm-8 wpb_column column_container vc_column_container col padding-10-percent inherit_tablet inherit_phone\"  data-padding-pos=\"right\" data-has-bg-color=\"false\" data-bg-color=\"\" data-bg-opacity=\"1\" data-animation=\"\" data-delay=\"0\" >\n\t\t<div class=\"vc_column-inner\" >\n\t\t\t<div class=\"wpb_wrapper\">\n\t\t\t\t<div id=\"fws_69f9dbf5d40a3\" data-midnight=\"\" data-column-margin=\"70px\" class=\"wpb_row vc_row-fluid vc_row inner_row vc_row-o-equal-height vc_row-flex\"  style=\"padding-top: 25%; \"><div class=\"row-bg-wrap\"> <div class=\"row-bg\" ><\/div> <\/div><div class=\"row_col_wrap_12_inner col span_12  left\">\n\t<div  class=\"vc_col-sm-6 wpb_column column_container vc_column_container col child_column no-extra-padding inherit_tablet inherit_phone\"    data-t-w-inherits=\"small_desktop\" data-padding-pos=\"all\" data-has-bg-color=\"false\" data-bg-color=\"\" data-bg-opacity=\"1\" data-animation=\"\" data-delay=\"0\" >\n\t\t<div class=\"vc_column-inner\" >\n\t\t<div class=\"wpb_wrapper\">\n\t\t\t\n<div class=\"wpb_text_column wpb_content_element\" >\n\t<div class=\"wpb_wrapper\">\n\t\t<h4>Visit us<\/h4>\n<p><a href=\"https:\/\/g.co\/kgs\/J69UdiT\">Elpidio Gonz\u00e1lez and Tuyuti<br \/>\nGuaymall\u00e9n, Mendoza, Argentina<\/a><\/p>\n\t<\/div>\n<\/div>\n\n\n\n\n\t\t<\/div> \n\t<\/div>\n\t<\/div> \n\n\t<div  class=\"vc_col-sm-6 wpb_column column_container vc_column_container col child_column no-extra-padding inherit_tablet inherit_phone\"    data-t-w-inherits=\"small_desktop\" data-padding-pos=\"all\" data-has-bg-color=\"false\" data-bg-color=\"\" data-bg-opacity=\"1\" data-animation=\"\" data-delay=\"0\" >\n\t\t<div class=\"vc_column-inner\" >\n\t\t<div class=\"wpb_wrapper\">\n\t\t\t\n<div class=\"wpb_text_column wpb_content_element\" >\n\t<div class=\"wpb_wrapper\">\n\t\t<h4>Contact us<\/h4>\n<p><i class=\"fa-brands fa-whatsapp\"><\/i> <a href=\"https:\/\/api.whatsapp.com\/send?phone=5492616150466&amp;text=Hola!%20Me%20gustar\u00eda%20obtener%20informaci\u00f3n%20sobre\">+54 9 2616 15-0466<\/a><br \/>\n<i class=\"fa-regular fa-envelope\"><\/i> <a href=\"mailto:hola@clubdecampomendoza.com\">info@clubdecampomendoza.com<\/a><\/p>\n\t<\/div>\n<\/div>\n\n\n\n\n\t\t<\/div> \n\t<\/div>\n\t<\/div> \n<\/div><\/div><div id=\"fws_69f9dbf5d45f8\" data-midnight=\"\" data-column-margin=\"default\" class=\"wpb_row vc_row-fluid vc_row inner_row  bottom_padding_tablet_15pct\"  style=\"padding-top: 5%; padding-bottom: 25%; \"><div class=\"row-bg-wrap\"> <div class=\"row-bg\" ><\/div> <\/div><div class=\"row_col_wrap_12_inner col span_12  left\">\n\t<div  class=\"vc_col-sm-12 wpb_column column_container vc_column_container col child_column no-extra-padding el_spacing_0px inherit_tablet inherit_phone\"   data-padding-pos=\"all\" data-has-bg-color=\"false\" data-bg-color=\"\" data-bg-opacity=\"1\" data-animation=\"\" data-delay=\"0\" >\n\t\t<div class=\"vc_column-inner\" >\n\t\t<div class=\"wpb_wrapper\">\n\t\t\t<div class=\"nectar-cta  alignment_tablet_default alignment_phone_default display_tablet_inherit display_phone_inherit\" data-color=\"default\" data-using-bg=\"false\" data-display=\"inline\" data-style=\"underline\" data-alignment=\"left\" data-text-color=\"custom\" style=\"margin-right: 30px; margin-bottom: 10px; \"><span style=\"color: #ffffff;\" class=\"nectar-button-type\"> <span class=\"link_wrap\" ><a  class=\"link_text\" style=\"border-color: #ffffff;\" role=\"button\" href=\"https:\/\/www.instagram.com\/clubdecampooficial\">Instagram<\/a><\/span><\/span><\/div><div class=\"nectar-cta  alignment_tablet_default alignment_phone_default display_tablet_inherit display_phone_inherit\" data-color=\"default\" data-using-bg=\"false\" data-display=\"inline\" data-style=\"underline\" data-alignment=\"left\" data-text-color=\"custom\" style=\"margin-bottom: 10px; \"><span style=\"color: #ffffff;\" class=\"nectar-button-type\"> <span class=\"link_wrap\" style=\"padding-right: 30px; \"><a  class=\"link_text\" style=\"border-color: #ffffff;\" role=\"button\" href=\"https:\/\/www.facebook.com\/mdzaclubdecampo\">FaceBook<\/a><\/span><\/span><\/div>\n\t\t<\/div> \n\t<\/div>\n\t<\/div> \n<\/div><\/div>\n\t\t\t<\/div> \n\t\t<\/div>\n\t<\/div> \n\n\t<div  class=\"vc_col-sm-4 wpb_column column_container vc_column_container col padding-10-percent no-extra-padding_tablet no-extra-padding_phone border_left_desktop_1px border_left_tablet_0px border_left_phone_0px border_top_tablet_1px border_top_phone_1px border_color_5e5e5e border_style_solid\"  data-padding-pos=\"left\" data-has-bg-color=\"false\" data-bg-color=\"\" data-bg-opacity=\"1\" data-animation=\"\" data-delay=\"0\" >\n\t\t<div class=\"vc_column-inner\" >\n\t\t\t<div class=\"wpb_wrapper\">\n\t\t\t\t<div id=\"fws_69f9dbf5d4b9e\" data-midnight=\"\" data-column-margin=\"90px\" class=\"wpb_row vc_row-fluid vc_row inner_row  top_padding_tablet_15pct bottom_padding_tablet_10pct\"  style=\"padding-top: 15%; padding-bottom: 15%; \"><div class=\"row-bg-wrap\"> <div class=\"row-bg\" ><\/div> <\/div><div class=\"row_col_wrap_12_inner col span_12  left\">\n\t<div  class=\"vc_col-sm-12 wpb_column column_container vc_column_container col child_column no-extra-padding inherit_tablet inherit_phone\"   data-padding-pos=\"all\" data-has-bg-color=\"false\" data-bg-color=\"\" data-bg-opacity=\"1\" data-animation=\"\" data-delay=\"0\" >\n\t\t<div class=\"vc_column-inner\" >\n\t\t<div class=\"wpb_wrapper\">\n\t\t\t\n<div class=\"wpb_text_column wpb_content_element\" style=\" max-width: 500px; display: inline-block;\">\n\t<div class=\"wpb_wrapper\">\n\t\t<h2>Sign up to our broadcast lists<\/h2>\n\t<\/div>\n<\/div>\n\n\n\n\n\t\t<\/div> \n\t<\/div>\n\t<\/div> \n<\/div><\/div>\n\t\t\t<\/div> \n\t\t<\/div>\n\t<\/div> \n<\/div><\/div>\n\t\t<div id=\"fws_69f9dbf5d4f08\"  data-column-margin=\"none\" data-midnight=\"light\"  class=\"wpb_row vc_row-fluid vc_row full-width-content vc_row-o-equal-height vc_row-flex vc_row-o-content-top\"  style=\"padding-top: 0px; padding-bottom: 0px; \"><div class=\"row-bg-wrap\" data-bg-animation=\"none\" data-bg-animation-delay=\"\" data-bg-overlay=\"false\"><div class=\"inner-wrap row-bg-layer\" ><div class=\"row-bg viewport-desktop using-bg-color\"  style=\"background-color: #465088; \"><\/div><\/div><\/div><div class=\"row_col_wrap_12 col span_12 light left\">\n\t<div  class=\"vc_col-sm-12 wpb_column column_container vc_column_container col no-extra-padding inherit_tablet inherit_phone border_top_desktop_1px border_top_tablet_0px border_top_phone_0px border_color_5e5e5e border_style_solid\"  data-padding-pos=\"all\" data-has-bg-color=\"false\" data-bg-color=\"\" data-bg-opacity=\"1\" data-animation=\"\" data-delay=\"0\" >\n\t\t<div class=\"vc_column-inner\" >\n\t\t\t<div class=\"wpb_wrapper\">\n\t\t\t\t<div id=\"fws_69f9dbf5d5114\" data-midnight=\"\" data-column-margin=\"default\" class=\"wpb_row vc_row-fluid vc_row inner_row  top_padding_tablet_0px\"  style=\"padding-top: 50px; padding-bottom: 50px; \"><div class=\"row-bg-wrap\"> <div class=\"row-bg\" ><\/div> <\/div><div class=\"row_col_wrap_12_inner col span_12  left\">\n\t<div  class=\"vc_col-sm-12 wpb_column column_container vc_column_container col child_column no-extra-padding inherit_tablet inherit_phone\"   data-padding-pos=\"all\" data-has-bg-color=\"false\" data-bg-color=\"\" data-bg-opacity=\"1\" data-animation=\"\" data-delay=\"0\" >\n\t\t<div class=\"vc_column-inner\" >\n\t\t<div class=\"wpb_wrapper\">\n\t\t\t<div class=\"img-with-aniamtion-wrap center custom-size\" data-max-width=\"75%\" data-max-width-mobile=\"default\" data-shadow=\"none\" data-animation=\"none\" >\n      <div class=\"inner\">\n        <div class=\"hover-wrap\"> \n          <div class=\"hover-wrap-inner\">\n            <img loading=\"lazy\" decoding=\"async\" class=\"img-with-animation skip-lazy\" data-delay=\"0\" height=\"108\" width=\"300\" data-animation=\"none\" src=\"https:\/\/clubdecampomendoza.com\/wp-content\/uploads\/2024\/05\/CCm-2024-Logo_HB-300x108.png\" alt=\"\" srcset=\"https:\/\/clubdecampomendoza.com\/wp-content\/uploads\/2024\/05\/CCm-2024-Logo_HB-300x108.png 300w, https:\/\/clubdecampomendoza.com\/wp-content\/uploads\/2024\/05\/CCm-2024-Logo_HB-1024x367.png 1024w, https:\/\/clubdecampomendoza.com\/wp-content\/uploads\/2024\/05\/CCm-2024-Logo_HB-768x275.png 768w, https:\/\/clubdecampomendoza.com\/wp-content\/uploads\/2024\/05\/CCm-2024-Logo_HB-1536x551.png 1536w, https:\/\/clubdecampomendoza.com\/wp-content\/uploads\/2024\/05\/CCm-2024-Logo_HB.png 1904w\" sizes=\"auto, (max-width: 300px) 100vw, 300px\" \/>\n          <\/div>\n        <\/div>\n      <\/div>\n    <\/div>\n\t\t<\/div> \n\t<\/div>\n\t<\/div> \n<\/div><\/div>\n\t\t\t<\/div> \n\t\t<\/div>\n\t<\/div> \n<\/div><\/div>\n\n\t\t\t<\/div> \n\t\t<\/div>\n\t<\/div> \n<\/div><\/div>","protected":false},"excerpt":{"rendered":"CANCHAS &amp; ESCUELA DE P\u00c1DEL El CCM cuenta con 2 canchas de p\u00e1del, con vista a la Cordillera de los Andes e iluminaci\u00f3n nocturna. Estacionamiento propio y una peque\u00f1a cantina....","protected":false},"author":1,"featured_media":0,"parent":0,"menu_order":0,"comment_status":"closed","ping_status":"closed","template":"","meta":{"footnotes":""},"class_list":["post-1985","page","type-page","status-publish"],"_links":{"self":[{"href":"https:\/\/clubdecampomendoza.com\/en\/wp-json\/wp\/v2\/pages\/1985","targetHints":{"allow":["GET"]}}],"collection":[{"href":"https:\/\/clubdecampomendoza.com\/en\/wp-json\/wp\/v2\/pages"}],"about":[{"href":"https:\/\/clubdecampomendoza.com\/en\/wp-json\/wp\/v2\/types\/page"}],"author":[{"embeddable":true,"href":"https:\/\/clubdecampomendoza.com\/en\/wp-json\/wp\/v2\/users\/1"}],"replies":[{"embeddable":true,"href":"https:\/\/clubdecampomendoza.com\/en\/wp-json\/wp\/v2\/comments?post=1985"}],"version-history":[{"count":7,"href":"https:\/\/clubdecampomendoza.com\/en\/wp-json\/wp\/v2\/pages\/1985\/revisions"}],"predecessor-version":[{"id":1999,"href":"https:\/\/clubdecampomendoza.com\/en\/wp-json\/wp\/v2\/pages\/1985\/revisions\/1999"}],"wp:attachment":[{"href":"https:\/\/clubdecampomendoza.com\/en\/wp-json\/wp\/v2\/media?parent=1985"}],"curies":[{"name":"wp","href":"https:\/\/api.w.org\/{rel}","templated":true}]}}